{"id":117,"date":"2024-10-01T16:37:18","date_gmt":"2024-10-01T14:37:18","guid":{"rendered":"https:\/\/ivagatoursbanios.com\/blog\/?page_id=117"},"modified":"2024-10-01T16:59:09","modified_gmt":"2024-10-01T14:59:09","slug":"cuanto-cuesta-la-entrada-a-las-termas-de-la-virgen","status":"publish","type":"page","link":"https:\/\/ivagatoursbanios.com\/blog\/cuanto-cuesta-la-entrada-a-las-termas-de-la-virgen\/","title":{"rendered":"\u00bfCu\u00e1nto cuesta la entrada a las termas de la virgen?"},"content":{"rendered":"\n<div class=\"wp-block-media-text is-stacked-on-mobile\" style=\"grid-template-columns:59% auto\"><figure class=\"wp-block-media-text__media\"><img loading=\"lazy\" decoding=\"async\" width=\"1024\" height=\"461\" src=\"https:\/\/ivagatoursbanios.com\/blog\/wp-content\/uploads\/2024\/10\/aguas-termales-en-banos-1024x461.jpeg\" alt=\"\" class=\"wp-image-127 size-full\" srcset=\"https:\/\/ivagatoursbanios.com\/blog\/wp-content\/uploads\/2024\/10\/aguas-termales-en-banos-1024x461.jpeg 1024w, https:\/\/ivagatoursbanios.com\/blog\/wp-content\/uploads\/2024\/10\/aguas-termales-en-banos-600x270.jpeg 600w, https:\/\/ivagatoursbanios.com\/blog\/wp-content\/uploads\/2024\/10\/aguas-termales-en-banos-300x135.jpeg 300w, https:\/\/ivagatoursbanios.com\/blog\/wp-content\/uploads\/2024\/10\/aguas-termales-en-banos-768x346.jpeg 768w, https:\/\/ivagatoursbanios.com\/blog\/wp-content\/uploads\/2024\/10\/aguas-termales-en-banos.jpeg 1280w\" sizes=\"auto, (max-width: 1024px) 100vw, 1024px\" \/><\/figure><div class=\"wp-block-media-text__content\">\n<p>El costo es de $4 d\u00f3lares adultos<\/p>\n\n\n\n<p>$2 d\u00f3lares ni\u00f1os<\/p>\n\n\n\n<p>Adulto mayor $2 d\u00f3lares<\/p>\n\n\n\n<p>Discapacitados $2 d\u00f3lares<\/p>\n\n\n\n<pre class=\"wp-block-preformatted\"><strong><em>Horarios <\/em><\/strong><br>Los horarios de venta de los boletos es de 05H00 a 20H30<\/pre>\n<\/div><\/div>\n\n\n\n<h2 class=\"wp-block-heading\" id=\"h-recomendaciones\">Recomendaciones<\/h2>\n\n\n\n<div class=\"wp-block-columns is-layout-flex wp-container-core-columns-is-layout-9d6595d7 wp-block-columns-is-layout-flex\">\n<div class=\"wp-block-column is-layout-flow wp-block-column-is-layout-flow\">\n<p><em>Obligaciones<\/em><\/p>\n\n\n\n<ul class=\"wp-block-list\">\n<li>Usar traje de ba\u00f1o<\/li>\n\n\n\n<li>Usar gorro de ba\u00f1o<\/li>\n\n\n\n<li>Usar sandalias<\/li>\n\n\n\n<li>Los objetos de valor encargar en la administraci\u00f3n<\/li>\n\n\n\n<li>Ni\u00f1os vigilados por adultos<\/li>\n<\/ul>\n<\/div>\n\n\n\n<div class=\"wp-block-column is-layout-flow wp-block-column-is-layout-flow\">\n<p><em>Evitar<\/em><\/p>\n\n\n\n<ul class=\"wp-block-list\">\n<li>Correr<\/li>\n\n\n\n<li>Ensuciar las instalaciones<\/li>\n\n\n\n<li>Ingresar mascotas<\/li>\n\n\n\n<li>Permanecer en las gradas<\/li>\n\n\n\n<li>Ingerir bebidas alcoh\u00f3licas<\/li>\n\n\n\n<li>Fumar<\/li>\n<\/ul>\n<\/div>\n<\/div>\n\n\n\n<p><\/p>\n","protected":false},"excerpt":{"rendered":"<p>El costo es de $4 d\u00f3lares adultos $2 d\u00f3lares ni\u00f1os Adulto mayor $2 d\u00f3lares Discapacitados $2 d\u00f3lares Horarios Los horarios de venta de los boletos es de 05H00 a 20H30 Recomendaciones Obligaciones Evitar<\/p>\n","protected":false},"author":1,"featured_media":0,"parent":0,"menu_order":0,"comment_status":"closed","ping_status":"closed","template":"","meta":{"_kadence_starter_templates_imported_post":false,"_kad_post_transparent":"","_kad_post_title":"","_kad_post_layout":"","_kad_post_sidebar_id":"","_kad_post_content_style":"","_kad_post_vertical_padding":"","_kad_post_feature":"","_kad_post_feature_position":"","_kad_post_header":false,"_kad_post_footer":false,"_kad_post_classname":"","footnotes":""},"class_list":["post-117","page","type-page","status-publish","hentry"],"_links":{"self":[{"href":"https:\/\/ivagatoursbanios.com\/blog\/wp-json\/wp\/v2\/pages\/117","targetHints":{"allow":["GET"]}}],"collection":[{"href":"https:\/\/ivagatoursbanios.com\/blog\/wp-json\/wp\/v2\/pages"}],"about":[{"href":"https:\/\/ivagatoursbanios.com\/blog\/wp-json\/wp\/v2\/types\/page"}],"author":[{"embeddable":true,"href":"https:\/\/ivagatoursbanios.com\/blog\/wp-json\/wp\/v2\/users\/1"}],"replies":[{"embeddable":true,"href":"https:\/\/ivagatoursbanios.com\/blog\/wp-json\/wp\/v2\/comments?post=117"}],"version-history":[{"count":2,"href":"https:\/\/ivagatoursbanios.com\/blog\/wp-json\/wp\/v2\/pages\/117\/revisions"}],"predecessor-version":[{"id":128,"href":"https:\/\/ivagatoursbanios.com\/blog\/wp-json\/wp\/v2\/pages\/117\/revisions\/128"}],"wp:attachment":[{"href":"https:\/\/ivagatoursbanios.com\/blog\/wp-json\/wp\/v2\/media?parent=117"}],"curies":[{"name":"wp","href":"https:\/\/api.w.org\/{rel}","templated":true}]}}