{"id":155,"date":"2024-10-01T17:39:22","date_gmt":"2024-10-01T15:39:22","guid":{"rendered":"https:\/\/ivagatoursbanios.com\/blog\/?page_id=155"},"modified":"2024-10-01T18:22:31","modified_gmt":"2024-10-01T16:22:31","slug":"cuanto-cuesta-entrar-a-las-termas-el-salado","status":"publish","type":"page","link":"https:\/\/ivagatoursbanios.com\/blog\/cuanto-cuesta-entrar-a-las-termas-el-salado\/","title":{"rendered":"\u00bfCu\u00e1nto cuesta entrar a las termas el salado?"},"content":{"rendered":"\n<div class=\"wp-block-media-text is-stacked-on-mobile\"><figure class=\"wp-block-media-text__media\"><img loading=\"lazy\" decoding=\"async\" width=\"675\" height=\"450\" src=\"https:\/\/ivagatoursbanios.com\/blog\/wp-content\/uploads\/2024\/10\/ff375716d89a114629c1e119a5f59184_xl.jpg\" alt=\"\" class=\"wp-image-160 size-full\" srcset=\"https:\/\/ivagatoursbanios.com\/blog\/wp-content\/uploads\/2024\/10\/ff375716d89a114629c1e119a5f59184_xl.jpg 675w, https:\/\/ivagatoursbanios.com\/blog\/wp-content\/uploads\/2024\/10\/ff375716d89a114629c1e119a5f59184_xl-600x400.jpg 600w, https:\/\/ivagatoursbanios.com\/blog\/wp-content\/uploads\/2024\/10\/ff375716d89a114629c1e119a5f59184_xl-300x200.jpg 300w\" sizes=\"auto, (max-width: 675px) 100vw, 675px\" \/><\/figure><div class=\"wp-block-media-text__content\">\n<p>El valor que se debe pagar por persona es:<\/p>\n\n\n\n<p>-Adulto: $3,00<\/p>\n\n\n\n<p>-Ni\u00f1o: $1,50<\/p>\n\n\n\n<p>Los horarios de atenci\u00f3n que se puede encontrar:<\/p>\n\n\n\n<p>-Lunes a Domingo 05h00 a 16h00<\/p>\n\n\n\n<p>-Lunes a Domingo 18h00 a 20h00<\/p>\n<\/div><\/div>\n\n\n\n<div class=\"wp-block-columns is-layout-flex wp-container-core-columns-is-layout-9d6595d7 wp-block-columns-is-layout-flex\">\n<div class=\"wp-block-column is-layout-flow wp-block-column-is-layout-flow\">\n<p><strong><em>Importante<\/em><\/strong><\/p>\n\n\n\n<p>-Utilizar gorro de ba\u00f1o<\/p>\n\n\n\n<p>-Utilizar sandalias<\/p>\n\n\n\n<p>-Llevar traje de ba\u00f1o<\/p>\n<\/div>\n\n\n\n<div class=\"wp-block-column is-layout-flow wp-block-column-is-layout-flow\">\n<p><strong><em>Prohibido <\/em><\/strong><\/p>\n\n\n\n<p>-Correr por las piscinas<\/p>\n\n\n\n<p>-Ensuciar instalaciones<\/p>\n\n\n\n<p>-Ingerir bebidas alcoh\u00f3licas<\/p>\n<\/div>\n<\/div>\n","protected":false},"excerpt":{"rendered":"<p>El valor que se debe pagar por persona es: -Adulto: $3,00 -Ni\u00f1o: $1,50 Los horarios de atenci\u00f3n que se puede encontrar: -Lunes a Domingo 05h00 a 16h00 -Lunes a Domingo 18h00 a 20h00 Importante -Utilizar gorro de ba\u00f1o -Utilizar sandalias -Llevar traje de ba\u00f1o Prohibido -Correr por las piscinas -Ensuciar instalaciones -Ingerir bebidas alcoh\u00f3licas<\/p>\n","protected":false},"author":1,"featured_media":0,"parent":0,"menu_order":0,"comment_status":"closed","ping_status":"closed","template":"","meta":{"_kadence_starter_templates_imported_post":false,"_kad_post_transparent":"","_kad_post_title":"","_kad_post_layout":"","_kad_post_sidebar_id":"","_kad_post_content_style":"","_kad_post_vertical_padding":"","_kad_post_feature":"","_kad_post_feature_position":"","_kad_post_header":false,"_kad_post_footer":false,"_kad_post_classname":"","footnotes":""},"class_list":["post-155","page","type-page","status-publish","hentry"],"_links":{"self":[{"href":"https:\/\/ivagatoursbanios.com\/blog\/wp-json\/wp\/v2\/pages\/155","targetHints":{"allow":["GET"]}}],"collection":[{"href":"https:\/\/ivagatoursbanios.com\/blog\/wp-json\/wp\/v2\/pages"}],"about":[{"href":"https:\/\/ivagatoursbanios.com\/blog\/wp-json\/wp\/v2\/types\/page"}],"author":[{"embeddable":true,"href":"https:\/\/ivagatoursbanios.com\/blog\/wp-json\/wp\/v2\/users\/1"}],"replies":[{"embeddable":true,"href":"https:\/\/ivagatoursbanios.com\/blog\/wp-json\/wp\/v2\/comments?post=155"}],"version-history":[{"count":2,"href":"https:\/\/ivagatoursbanios.com\/blog\/wp-json\/wp\/v2\/pages\/155\/revisions"}],"predecessor-version":[{"id":162,"href":"https:\/\/ivagatoursbanios.com\/blog\/wp-json\/wp\/v2\/pages\/155\/revisions\/162"}],"wp:attachment":[{"href":"https:\/\/ivagatoursbanios.com\/blog\/wp-json\/wp\/v2\/media?parent=155"}],"curies":[{"name":"wp","href":"https:\/\/api.w.org\/{rel}","templated":true}]}}