{"id":163,"date":"2024-10-01T18:25:13","date_gmt":"2024-10-01T16:25:13","guid":{"rendered":"https:\/\/ivagatoursbanios.com\/blog\/?page_id=163"},"modified":"2024-10-01T18:33:01","modified_gmt":"2024-10-01T16:33:01","slug":"gatronomia-de-banos","status":"publish","type":"page","link":"https:\/\/ivagatoursbanios.com\/blog\/gatronomia-de-banos\/","title":{"rendered":"Gatronom\u00eda de Ba\u00f1os"},"content":{"rendered":"\n<div class=\"wp-block-media-text is-stacked-on-mobile\"><figure class=\"wp-block-media-text__media\"><img loading=\"lazy\" decoding=\"async\" width=\"275\" height=\"183\" src=\"https:\/\/ivagatoursbanios.com\/blog\/wp-content\/uploads\/2024\/10\/images-6.jpg\" alt=\"\" class=\"wp-image-169 size-full\"\/><\/figure><div class=\"wp-block-media-text__content\">\n<p>Uno de los platos t\u00edpicos que podr\u00e1s encontrar por las calles de Ba\u00f1os es el cuy asado, un plato tradicional ecuatoriano, que debes probar.<\/p>\n\n\n\n<p>En el mercado podr\u00e1s encontrar otros platos como el llapingacho, yaguarlocro, hornado, empanadas de viento, fritada y m\u00e1s platos que te encantaran y vienen siendo parte de la tradici\u00f3n Ecuatoriana.<\/p>\n<\/div><\/div>\n\n\n\n<p>El jugo de ca\u00f1a es una de las bebidas infaltables que debes probar, Ba\u00f1os de Agua Santa contiene muchas tradiciones y costumbres en cuanto a la elaboraci\u00f3n y preparaci\u00f3n de sus platillos, pues cuentan con recetas que han sido transmitidas de generaci\u00f3n en generaci\u00f3n.<\/p>\n\n\n\n<div class=\"wp-block-media-text is-stacked-on-mobile\"><figure class=\"wp-block-media-text__media\"><img loading=\"lazy\" decoding=\"async\" width=\"1024\" height=\"768\" src=\"https:\/\/ivagatoursbanios.com\/blog\/wp-content\/uploads\/2024\/10\/9211037295_4a4eb0e1ec_b.jpg\" alt=\"\" class=\"wp-image-171 size-full\" srcset=\"https:\/\/ivagatoursbanios.com\/blog\/wp-content\/uploads\/2024\/10\/9211037295_4a4eb0e1ec_b.jpg 1024w, https:\/\/ivagatoursbanios.com\/blog\/wp-content\/uploads\/2024\/10\/9211037295_4a4eb0e1ec_b-600x450.jpg 600w, https:\/\/ivagatoursbanios.com\/blog\/wp-content\/uploads\/2024\/10\/9211037295_4a4eb0e1ec_b-300x225.jpg 300w, https:\/\/ivagatoursbanios.com\/blog\/wp-content\/uploads\/2024\/10\/9211037295_4a4eb0e1ec_b-768x576.jpg 768w\" sizes=\"auto, (max-width: 1024px) 100vw, 1024px\" \/><\/figure><div class=\"wp-block-media-text__content\">\n<p><em>Melcochas<\/em><\/p>\n\n\n\n<p>Uno de los dulces infaltables que debes probar son las melcochas, elaboradas con la ca\u00f1a de az\u00facar. El proceso de elaboraci\u00f3n inicia con la extracci\u00f3n del jugo de ca\u00f1a y se hierve hasta que se convierte en un jarabe espeso y se deja en reposo, despu\u00e9s de esto inicia el proceso de darle forma, se coloca en la pared y se amasa hasta lograr una consistencia correcta.<\/p>\n<\/div><\/div>\n\n\n\n<div class=\"wp-block-media-text is-stacked-on-mobile\"><figure class=\"wp-block-media-text__media\"><img loading=\"lazy\" decoding=\"async\" width=\"1024\" height=\"683\" src=\"https:\/\/ivagatoursbanios.com\/blog\/wp-content\/uploads\/2024\/10\/actividads-en-banos-de-agua-santa-1024x683.jpg\" alt=\"\" class=\"wp-image-172 size-full\" srcset=\"https:\/\/ivagatoursbanios.com\/blog\/wp-content\/uploads\/2024\/10\/actividads-en-banos-de-agua-santa-1024x683.jpg 1024w, https:\/\/ivagatoursbanios.com\/blog\/wp-content\/uploads\/2024\/10\/actividads-en-banos-de-agua-santa-600x400.jpg 600w, https:\/\/ivagatoursbanios.com\/blog\/wp-content\/uploads\/2024\/10\/actividads-en-banos-de-agua-santa-300x200.jpg 300w, https:\/\/ivagatoursbanios.com\/blog\/wp-content\/uploads\/2024\/10\/actividads-en-banos-de-agua-santa-768x512.jpg 768w, https:\/\/ivagatoursbanios.com\/blog\/wp-content\/uploads\/2024\/10\/actividads-en-banos-de-agua-santa-1536x1024.jpg 1536w, https:\/\/ivagatoursbanios.com\/blog\/wp-content\/uploads\/2024\/10\/actividads-en-banos-de-agua-santa.jpg 1920w\" sizes=\"auto, (max-width: 1024px) 100vw, 1024px\" \/><\/figure><div class=\"wp-block-media-text__content\">\n<p><em>Dulce de Guayaba<\/em><\/p>\n\n\n\n<p>Este dulce es tradicional, primero se cocinan las guayabas en agua, az\u00facar y canela. Es as\u00ed que se obtiene un jugo el cual se cocina hasta que espese, se lo coloca en un recipiente y se espera hasta que se enfri\u00e9. Existen diferentes presentaciones que var\u00edan de acuerdo al molde y la creatividad.<\/p>\n<\/div><\/div>\n\n\n\n<div class=\"wp-block-media-text is-stacked-on-mobile\"><figure class=\"wp-block-media-text__media\"><img loading=\"lazy\" decoding=\"async\" width=\"259\" height=\"194\" src=\"https:\/\/ivagatoursbanios.com\/blog\/wp-content\/uploads\/2024\/10\/images-7.jpg\" alt=\"\" class=\"wp-image-173 size-full\"\/><\/figure><div class=\"wp-block-media-text__content\">\n<p><em>Ca\u00f1a<\/em><\/p>\n\n\n\n<p>Una de las cosas que debes probar si visitas ba\u00f1os es la ca\u00f1a, podr\u00e1s degustarla picada en trocitos o a su vez en jugo, que te venden en botellas, los precios var\u00edan de acuerdo a la cantidad que quieras llevar. Te recomiendo que pruebes porque te va a encantar su sabor dulce y natural.<\/p>\n<\/div><\/div>\n","protected":false},"excerpt":{"rendered":"<p>Uno de los platos t\u00edpicos que podr\u00e1s encontrar por las calles de Ba\u00f1os es el cuy asado, un plato tradicional ecuatoriano, que debes probar. En el mercado podr\u00e1s encontrar otros platos como el llapingacho, yaguarlocro, hornado, empanadas de viento, fritada y m\u00e1s platos que te encantaran y vienen siendo parte de la tradici\u00f3n Ecuatoriana. El&#8230;<\/p>\n","protected":false},"author":1,"featured_media":0,"parent":0,"menu_order":0,"comment_status":"closed","ping_status":"closed","template":"","meta":{"_kadence_starter_templates_imported_post":false,"_kad_post_transparent":"","_kad_post_title":"","_kad_post_layout":"","_kad_post_sidebar_id":"","_kad_post_content_style":"","_kad_post_vertical_padding":"","_kad_post_feature":"","_kad_post_feature_position":"","_kad_post_header":false,"_kad_post_footer":false,"_kad_post_classname":"","footnotes":""},"class_list":["post-163","page","type-page","status-publish","hentry"],"_links":{"self":[{"href":"https:\/\/ivagatoursbanios.com\/blog\/wp-json\/wp\/v2\/pages\/163","targetHints":{"allow":["GET"]}}],"collection":[{"href":"https:\/\/ivagatoursbanios.com\/blog\/wp-json\/wp\/v2\/pages"}],"about":[{"href":"https:\/\/ivagatoursbanios.com\/blog\/wp-json\/wp\/v2\/types\/page"}],"author":[{"embeddable":true,"href":"https:\/\/ivagatoursbanios.com\/blog\/wp-json\/wp\/v2\/users\/1"}],"replies":[{"embeddable":true,"href":"https:\/\/ivagatoursbanios.com\/blog\/wp-json\/wp\/v2\/comments?post=163"}],"version-history":[{"count":2,"href":"https:\/\/ivagatoursbanios.com\/blog\/wp-json\/wp\/v2\/pages\/163\/revisions"}],"predecessor-version":[{"id":174,"href":"https:\/\/ivagatoursbanios.com\/blog\/wp-json\/wp\/v2\/pages\/163\/revisions\/174"}],"wp:attachment":[{"href":"https:\/\/ivagatoursbanios.com\/blog\/wp-json\/wp\/v2\/media?parent=163"}],"curies":[{"name":"wp","href":"https:\/\/api.w.org\/{rel}","templated":true}]}}