{"id":292,"date":"2025-02-07T11:49:25","date_gmt":"2025-02-07T10:49:25","guid":{"rendered":"https:\/\/ivagatoursbanios.com\/blog\/front_page\/"},"modified":"2025-02-07T16:31:15","modified_gmt":"2025-02-07T15:31:15","slug":"front_page","status":"publish","type":"page","link":"https:\/\/ivagatoursbanios.com\/blog\/front_page\/","title":{"rendered":"Inicio"},"content":{"rendered":"\n\n\n\n\n\nAventuras\n\n\n\nExplora nuevos lugares alrededor del mundo.\n\n\n\n\n\n\n\nDestinos\n\n\n\nDescubre los mejores destinos para tus viajes.\n\n\n\n\n\n\n\nExperiencias\n\n\n\nVive emocionantes aventuras y experiencias \u00fanicas.\n\n\n\n\n\n\n\nTransporte\n\n\n\nEncuentra las mejores opciones de transporte para tus viajes.\n\n\n\n\n\n\n\n\n\n\u00a1Bienvenidos a Ivaga Tour Operator!\n\n\n\n\n\nViajar es una de las mejores experiencias que podemos vivir.\n\n\n\nEs por eso que en Ivaga Tour Operator queremos brindarte todas las herramientas y consejos necesarios para que puedas disfrutar al m\u00e1ximo de tus viajes.\n\n\n\n\nExplora m\u00e1s\n\n\n\n\n\n\n\n\n\n\n\n\nDescubre lugares inexplorados\n\n\n\n\n\nDeja que te llevemos a trav\u00e9s de un viaje lleno de sorpresas y aventuras.\n\n\n\n\n\n\n\n\n\n\n\nTips para viajeros\n\n\n\nAprende de los expertos para asegurarte de tener una experiencia de viaje perfecta.\n\n\n\n\n\n\n\nServicios de alta calidad\n\n\n\nContamos con los mejores proveedores para garantizar una experiencia de viaje de lujo.\n\n\n\n\n\n\n\nServicios exclusivos\n\n\n\nDescubre lugares exclusivos y actividades \u00fanicas que no encontrar\u00e1s en ning\u00fan otro lugar.\n\n\n\n\n\n\n\nComodidad sin preocupaciones\n\n\n\nNos encargamos de todos los detalles para que puedas relajarte y disfrutar de tu viaje.\n\n\n\n\n\n\n\nExperiencias culinarias\n\n\n\nExplora la gastronom\u00eda local y descubre deliciosos sabores en nuestro viaje.\n\n\n\n\n\n\n\nBienestar y diversi\u00f3n\n\n\n\nDisfruta de aventuras emocionantes y relaja tu mente y cuerpo durante tu viaje.\n\n\n\n\n\n\n\n\n\n\n\nEntradas recientes\n\n\n\n\n\n\nVer todos\n\n\n\n\n\n\n\n\n\n\n\n\n\n\n\n\n\n\n\n\n\nRead more\n\n\n\n\n\n\n\n\n\n\n\n\n\n\n\u00bfTienes dudas o consultas?\n\n\n\n\n\nEn Ivaga Tour Operator estamos para ayudarte en todo lo que necesites. No dudes en contactarnos y te responderemos lo antes posible.\n\n\n\n\n+1 234 567 890\n\n\n\nemail@example.com\n\n\n\n123, Main Street, City, Country\n\n\n\n\n\n\n\n\n","protected":false},"excerpt":{"rendered":"","protected":false},"author":1,"featured_media":259,"parent":0,"menu_order":0,"comment_status":"closed","ping_status":"closed","template":"","meta":{"_kadence_starter_templates_imported_post":false,"_kad_post_transparent":"","_kad_post_title":"","_kad_post_layout":"","_kad_post_sidebar_id":"","_kad_post_content_style":"","_kad_post_vertical_padding":"","_kad_post_feature":"","_kad_post_feature_position":"","_kad_post_header":false,"_kad_post_footer":false,"_kad_post_classname":"","footnotes":""},"class_list":["post-292","page","type-page","status-publish","has-post-thumbnail","hentry"],"_links":{"self":[{"href":"https:\/\/ivagatoursbanios.com\/blog\/wp-json\/wp\/v2\/pages\/292","targetHints":{"allow":["GET"]}}],"collection":[{"href":"https:\/\/ivagatoursbanios.com\/blog\/wp-json\/wp\/v2\/pages"}],"about":[{"href":"https:\/\/ivagatoursbanios.com\/blog\/wp-json\/wp\/v2\/types\/page"}],"author":[{"embeddable":true,"href":"https:\/\/ivagatoursbanios.com\/blog\/wp-json\/wp\/v2\/users\/1"}],"replies":[{"embeddable":true,"href":"https:\/\/ivagatoursbanios.com\/blog\/wp-json\/wp\/v2\/comments?post=292"}],"version-history":[{"count":5,"href":"https:\/\/ivagatoursbanios.com\/blog\/wp-json\/wp\/v2\/pages\/292\/revisions"}],"predecessor-version":[{"id":383,"href":"https:\/\/ivagatoursbanios.com\/blog\/wp-json\/wp\/v2\/pages\/292\/revisions\/383"}],"wp:featuredmedia":[{"embeddable":true,"href":"https:\/\/ivagatoursbanios.com\/blog\/wp-json\/wp\/v2\/media\/259"}],"wp:attachment":[{"href":"https:\/\/ivagatoursbanios.com\/blog\/wp-json\/wp\/v2\/media?parent=292"}],"curies":[{"name":"wp","href":"https:\/\/api.w.org\/{rel}","templated":true}]}}