{"id":57,"date":"2024-09-30T17:14:57","date_gmt":"2024-09-30T15:14:57","guid":{"rendered":"https:\/\/ivagatoursbanios.com\/blog\/?page_id=57"},"modified":"2024-10-01T23:28:31","modified_gmt":"2024-10-01T21:28:31","slug":"pailon-del-diablo","status":"publish","type":"page","link":"https:\/\/ivagatoursbanios.com\/blog\/pailon-del-diablo\/","title":{"rendered":"\u00bfC\u00f3mo llegar al Pail\u00f3n del Diablo?"},"content":{"rendered":"\n<div class=\"wp-block-media-text is-stacked-on-mobile\"><figure class=\"wp-block-media-text__media\"><img loading=\"lazy\" decoding=\"async\" width=\"675\" height=\"450\" src=\"https:\/\/ivagatoursbanios.com\/blog\/wp-content\/uploads\/2024\/09\/7540afa9f4b4022eb8d9ff2c653840f4_xl.jpg\" alt=\"\" class=\"wp-image-83 size-full\" srcset=\"https:\/\/ivagatoursbanios.com\/blog\/wp-content\/uploads\/2024\/09\/7540afa9f4b4022eb8d9ff2c653840f4_xl.jpg 675w, https:\/\/ivagatoursbanios.com\/blog\/wp-content\/uploads\/2024\/09\/7540afa9f4b4022eb8d9ff2c653840f4_xl-600x400.jpg 600w, https:\/\/ivagatoursbanios.com\/blog\/wp-content\/uploads\/2024\/09\/7540afa9f4b4022eb8d9ff2c653840f4_xl-300x200.jpg 300w\" sizes=\"auto, (max-width: 675px) 100vw, 675px\" \/><\/figure><div class=\"wp-block-media-text__content\">\n<p>Puedes tomar un bus en la calle Eloy Alfaro  esquina, es aqu\u00ed donde hallaras la parada de buses \u00abLuna S\u00e1nchez\u00bb<\/p>\n\n\n\n<pre class=\"wp-block-preformatted\"><strong>Recorridos<\/strong><br>Salidas cada 15 minutos <br>Su trayecto es Ulba, Parque de la Familia, Agoyan, Manto de la Novia, R\u00edo Verde, Pail\u00f3n del Diablo.<\/pre>\n<\/div><\/div>\n\n\n\n<h2 class=\"wp-block-heading\" id=\"h-cuanto-cuesta-ingresar-al-pailon-del-diablo\">\u00bfCu\u00e1nto cuesta ingresar al Pail\u00f3n del Diablo?<\/h2>\n\n\n\n<div class=\"wp-block-columns is-layout-flex wp-container-core-columns-is-layout-9d6595d7 wp-block-columns-is-layout-flex\">\n<div class=\"wp-block-column is-layout-flow wp-block-column-is-layout-flow\">\n<p class=\"has-text-align-center\"><strong><em>Ruta larga<\/em><\/strong><\/p>\n\n\n\n<p>El precio es de $3 por persona en el d\u00eda y $5 en la noche. Desde el ingreso puedes caminar, pasar por medio de t\u00faneles y llegar hasta el puente colgante d\u00f3nde tendr\u00e1s una vista impresionante de est\u00e1 ca\u00edda de agua. Ese recorrido tiene una duraci\u00f3n de 30 minutos de descenso y te encontraras frente a la cascada.<\/p>\n\n\n\n<figure class=\"wp-block-image size-full is-resized\"><img loading=\"lazy\" decoding=\"async\" width=\"275\" height=\"183\" src=\"https:\/\/ivagatoursbanios.com\/blog\/wp-content\/uploads\/2024\/09\/images-3.jpg\" alt=\"\" class=\"wp-image-85\" style=\"width:403px;height:auto\"\/><\/figure>\n<\/div>\n\n\n\n<div class=\"wp-block-column is-layout-flow wp-block-column-is-layout-flow\">\n<p class=\"has-text-align-center\"><em><strong>Ruta corta<\/strong><\/em><\/p>\n\n\n\n<p>El precio es de $3 adultos y $2 ni\u00f1os durante el d\u00eda y la noche. En est\u00e1 ruta podr\u00e1s observar a la cascada desde arriba, es una caminata tranquila de unos 15 minutos aproximados, tendr\u00e1s una vista panor\u00e1mica y tambi\u00e9n cruzaras un puente colgante y varios miradores. <\/p>\n\n\n\n<figure class=\"wp-block-image size-full is-resized\"><img loading=\"lazy\" decoding=\"async\" width=\"275\" height=\"183\" src=\"https:\/\/ivagatoursbanios.com\/blog\/wp-content\/uploads\/2024\/09\/images-2.jpg\" alt=\"\" class=\"wp-image-86\" style=\"width:404px;height:auto\"\/><\/figure>\n<\/div>\n<\/div>\n\n\n\n<h2 class=\"wp-block-heading\" id=\"h-que-puedes-comprar-en-el-pailon\">\u00bfQu\u00e9 puedes comprar en el Pail\u00f3n?<\/h2>\n\n\n\n<p>En los alrededores antes de ingresar a la cascada te encontraras con una variedad de opciones como gastronom\u00eda. Encontraras platos t\u00edpicos incluso platos a la carta que debes probar, si quieres llevarte alg\u00fan recuerdo tambi\u00e9n lo puedes encontrar, como llaveros, pulseras, arte en madera y varias artesan\u00edas. <\/p>\n\n\n\n<h2 class=\"wp-block-heading\" id=\"h-clima\">Clima<\/h2>\n\n\n\n<p>El clima en Ba\u00f1os De Agua Santa es templado, durante el d\u00eda puede alcanzar una temperatura de18\u00b0C <\/p>\n\n\n\n<h2 class=\"wp-block-heading\" id=\"h-recomendaciones\">Recomendaciones<\/h2>\n\n\n\n<ul class=\"wp-block-list\">\n<li>Usar ropa y calzado c\u00f3modo <\/li>\n\n\n\n<li>Llevar ropa de cambio<\/li>\n\n\n\n<li>Llevar efectivo<\/li>\n<\/ul>\n","protected":false},"excerpt":{"rendered":"<p>Puedes tomar un bus en la calle Eloy Alfaro esquina, es aqu\u00ed donde hallaras la parada de buses \u00abLuna S\u00e1nchez\u00bb RecorridosSalidas cada 15 minutos Su trayecto es Ulba, Parque de la Familia, Agoyan, Manto de la Novia, R\u00edo Verde, Pail\u00f3n del Diablo. \u00bfCu\u00e1nto cuesta ingresar al Pail\u00f3n del Diablo? Ruta larga El precio es de&#8230;<\/p>\n","protected":false},"author":1,"featured_media":0,"parent":0,"menu_order":0,"comment_status":"closed","ping_status":"closed","template":"","meta":{"_kadence_starter_templates_imported_post":false,"_kad_post_transparent":"","_kad_post_title":"","_kad_post_layout":"","_kad_post_sidebar_id":"","_kad_post_content_style":"","_kad_post_vertical_padding":"","_kad_post_feature":"","_kad_post_feature_position":"","_kad_post_header":false,"_kad_post_footer":false,"_kad_post_classname":"","footnotes":""},"class_list":["post-57","page","type-page","status-publish","hentry"],"_links":{"self":[{"href":"https:\/\/ivagatoursbanios.com\/blog\/wp-json\/wp\/v2\/pages\/57","targetHints":{"allow":["GET"]}}],"collection":[{"href":"https:\/\/ivagatoursbanios.com\/blog\/wp-json\/wp\/v2\/pages"}],"about":[{"href":"https:\/\/ivagatoursbanios.com\/blog\/wp-json\/wp\/v2\/types\/page"}],"author":[{"embeddable":true,"href":"https:\/\/ivagatoursbanios.com\/blog\/wp-json\/wp\/v2\/users\/1"}],"replies":[{"embeddable":true,"href":"https:\/\/ivagatoursbanios.com\/blog\/wp-json\/wp\/v2\/comments?post=57"}],"version-history":[{"count":5,"href":"https:\/\/ivagatoursbanios.com\/blog\/wp-json\/wp\/v2\/pages\/57\/revisions"}],"predecessor-version":[{"id":266,"href":"https:\/\/ivagatoursbanios.com\/blog\/wp-json\/wp\/v2\/pages\/57\/revisions\/266"}],"wp:attachment":[{"href":"https:\/\/ivagatoursbanios.com\/blog\/wp-json\/wp\/v2\/media?parent=57"}],"curies":[{"name":"wp","href":"https:\/\/api.w.org\/{rel}","templated":true}]}}